{"id":75,"date":"2025-05-23T00:07:58","date_gmt":"2025-05-23T00:07:58","guid":{"rendered":"https:\/\/trukidiamon.tigera.xyz\/?page_id=75"},"modified":"2025-05-23T00:07:58","modified_gmt":"2025-05-23T00:07:58","slug":"aviso-legal","status":"publish","type":"page","link":"https:\/\/trukidiamon.tigera.xyz\/?page_id=75","title":{"rendered":"Aviso Legal"},"content":{"rendered":"\n<p><strong>\u00daltima actualizaci\u00f3n:<\/strong> 22 de mayo de 2025<\/p>\n\n\n\n<p>En cumplimiento con el deber de informaci\u00f3n dispuesto por la normativa vigente, se informa a los usuarios del sitio web <em><a class=\"\" href=\"https:\/\/trukidiamon.tigera.xyz\/\">https:\/\/trukidiamon.tigera.xyz\/<\/a><\/em> lo siguiente:<\/p>\n\n\n\n<p><strong>1. Datos del responsable del sitio<\/strong><\/p>\n\n\n\n<ul class=\"wp-block-list\">\n<li><strong>Titular del sitio web:<\/strong> trukidiamon.tigera.xyz<\/li>\n\n\n\n<li><strong>Responsable de gesti\u00f3n:<\/strong> Pablo Egv<\/li>\n\n\n\n<li><strong>Correo electr\u00f3nico de contacto:<\/strong> <a>pablomodsofi@gmail.com<\/a><\/li>\n\n\n\n<li><strong>Finalidad del sitio:<\/strong> ofrecer herramientas digitales, gu\u00edas y contenido informativo sobre el videojuego Free Fire.<\/li>\n<\/ul>\n\n\n\n<p><strong>2. Naturaleza del contenido<\/strong><\/p>\n\n\n\n<p>Este sitio es de car\u00e1cter informativo. No garantizamos la efectividad continua de herramientas como generadores, sorteos o recursos gratuitos. El uso de la informaci\u00f3n publicada es responsabilidad exclusiva del usuario.<\/p>\n\n\n\n<p><strong>3. Propiedad intelectual<\/strong><\/p>\n\n\n\n<p>Todos los contenidos del sitio (textos, im\u00e1genes, logotipos, c\u00f3digos, etc.) son propiedad de sus respectivos autores y est\u00e1n protegidos por la legislaci\u00f3n vigente sobre propiedad intelectual. Queda prohibida su reproducci\u00f3n sin autorizaci\u00f3n expresa.<\/p>\n\n\n\n<p><strong>4. Exoneraci\u00f3n de responsabilidad<\/strong><\/p>\n\n\n\n<p>No nos responsabilizamos por:<\/p>\n\n\n\n<ul class=\"wp-block-list\">\n<li>Errores t\u00e9cnicos o de funcionamiento del sitio.<\/li>\n\n\n\n<li>Da\u00f1os derivados del uso del sitio web.<\/li>\n\n\n\n<li>Acciones de terceros que puedan afectar a los usuarios.<\/li>\n\n\n\n<li>Informaci\u00f3n desactualizada, enlaces rotos o contenido externo.<\/li>\n<\/ul>\n\n\n\n<p><strong>5. Enlaces a sitios de terceros<\/strong><\/p>\n\n\n\n<p>Este sitio puede incluir enlaces a p\u00e1ginas de terceros. <em>trukidiamon.tigera.xyz<\/em> no se responsabiliza por los contenidos, pol\u00edticas de privacidad o pr\u00e1cticas de dichos sitios externos.<\/p>\n\n\n\n<p><strong>6. Uso del sitio web<\/strong><\/p>\n\n\n\n<p>El usuario acepta utilizar este sitio de forma l\u00edcita y adecuada, sin incurrir en actividades que puedan da\u00f1ar, sobrecargar o afectar negativamente al sitio o a otros usuarios.<\/p>\n\n\n\n<p><strong>7. Actualizaci\u00f3n del aviso legal<\/strong><\/p>\n\n\n\n<p>Este aviso puede ser modificado sin previo aviso. Cualquier cambio ser\u00e1 publicado en esta misma secci\u00f3n, y se aplicar\u00e1 desde la fecha de su publicaci\u00f3n.<\/p>\n\n\n\n<p><strong>8. Contacto<\/strong><\/p>\n\n\n\n<p>Para cualquier duda o comentario sobre este Aviso Legal, puedes comunicarte con nosotros a trav\u00e9s del correo:<br><strong><a>pablomodsofi@gmail.com<\/a><\/strong><\/p>\n","protected":false},"excerpt":{"rendered":"<p>\u00daltima actualizaci\u00f3n: 22 de mayo de 2025 En cumplimiento con el deber de informaci\u00f3n dispuesto por la normativa vigente, se informa a los usuarios del<\/p>\n","protected":false},"author":1,"featured_media":0,"parent":0,"menu_order":0,"comment_status":"closed","ping_status":"closed","template":"","meta":{"footnotes":""},"class_list":["post-75","page","type-page","status-publish","hentry"],"_links":{"self":[{"href":"https:\/\/trukidiamon.tigera.xyz\/index.php?rest_route=\/wp\/v2\/pages\/75","targetHints":{"allow":["GET"]}}],"collection":[{"href":"https:\/\/trukidiamon.tigera.xyz\/index.php?rest_route=\/wp\/v2\/pages"}],"about":[{"href":"https:\/\/trukidiamon.tigera.xyz\/index.php?rest_route=\/wp\/v2\/types\/page"}],"author":[{"embeddable":true,"href":"https:\/\/trukidiamon.tigera.xyz\/index.php?rest_route=\/wp\/v2\/users\/1"}],"replies":[{"embeddable":true,"href":"https:\/\/trukidiamon.tigera.xyz\/index.php?rest_route=%2Fwp%2Fv2%2Fcomments&post=75"}],"version-history":[{"count":1,"href":"https:\/\/trukidiamon.tigera.xyz\/index.php?rest_route=\/wp\/v2\/pages\/75\/revisions"}],"predecessor-version":[{"id":76,"href":"https:\/\/trukidiamon.tigera.xyz\/index.php?rest_route=\/wp\/v2\/pages\/75\/revisions\/76"}],"wp:attachment":[{"href":"https:\/\/trukidiamon.tigera.xyz\/index.php?rest_route=%2Fwp%2Fv2%2Fmedia&parent=75"}],"curies":[{"name":"wp","href":"https:\/\/api.w.org\/{rel}","templated":true}]}}